{"id":4400,"date":"2025-03-07T09:11:18","date_gmt":"2025-03-07T09:11:18","guid":{"rendered":"http:\/\/phuhaocraft.com\/?post_type=product&#038;p=4400"},"modified":"2025-03-07T09:27:11","modified_gmt":"2025-03-07T09:27:11","slug":"choi-chit","status":"publish","type":"product","link":"https:\/\/phuhaocraft.com\/vi\/san_pham\/choi-chit\/","title":{"rendered":"Ch\u1ed5i ch\u00edt"},"content":{"rendered":"<p><img loading=\"lazy\" class=\"alignnone size-full wp-image-4397\" src=\"http:\/\/phuhaocraft.com\/wp-content\/uploads\/2025\/03\/z6382919605042_146e59e982347d6b68a391a671667b95.jpg\" alt=\"\" width=\"2000\" height=\"1500\" srcset=\"https:\/\/phuhaocraft.com\/wp-content\/uploads\/2025\/03\/z6382919605042_146e59e982347d6b68a391a671667b95.jpg 2000w, https:\/\/phuhaocraft.com\/wp-content\/uploads\/2025\/03\/z6382919605042_146e59e982347d6b68a391a671667b95-300x225.jpg 300w, https:\/\/phuhaocraft.com\/wp-content\/uploads\/2025\/03\/z6382919605042_146e59e982347d6b68a391a671667b95-1024x768.jpg 1024w, https:\/\/phuhaocraft.com\/wp-content\/uploads\/2025\/03\/z6382919605042_146e59e982347d6b68a391a671667b95-768x576.jpg 768w, https:\/\/phuhaocraft.com\/wp-content\/uploads\/2025\/03\/z6382919605042_146e59e982347d6b68a391a671667b95-1536x1152.jpg 1536w, https:\/\/phuhaocraft.com\/wp-content\/uploads\/2025\/03\/z6382919605042_146e59e982347d6b68a391a671667b95-249x187.jpg 249w, https:\/\/phuhaocraft.com\/wp-content\/uploads\/2025\/03\/z6382919605042_146e59e982347d6b68a391a671667b95-1170x878.jpg 1170w, https:\/\/phuhaocraft.com\/wp-content\/uploads\/2025\/03\/z6382919605042_146e59e982347d6b68a391a671667b95-600x450.jpg 600w\" sizes=\"(max-width: 2000px) 100vw, 2000px\" \/><\/p>\n","protected":false},"excerpt":{"rendered":"<p>Ch\u1ed5i truy\u1ec1n th\u1ed1ng, ch\u00fang t\u00f4i c\u00f3 th\u1ec3 thi\u1ebft k\u1ebf m\u1ecdi lo\u1ea1i ch\u1ed5i &#8230; theo y\u00eau c\u1ea7u c\u1ee7a th\u1ecb tr\u01b0\u1eddng v\u00e0 ng\u01b0\u1eddi ti\u00eau d\u00f9ng<\/p>\n<p>Ch\u1ed5i tr\u1ef1c ti\u1ebfp s\u1ea3n xu\u1ea5t t\u1ea1i x\u01b0\u1edfng v\u00e0 l\u00e0ng ngh\u1ec1 c\u1ee7a c\u00e1c ng\u01b0\u1eddi d\u00e2n ch\u01b0\u01a1ng m\u1ef9, VietNam<\/p>\n","protected":false},"featured_media":4401,"comment_status":"open","ping_status":"closed","template":"","meta":{"spay_email":""},"product_cat":[26],"product_tag":[],"_links":{"self":[{"href":"https:\/\/phuhaocraft.com\/vi\/wp-json\/wp\/v2\/product\/4400"}],"collection":[{"href":"https:\/\/phuhaocraft.com\/vi\/wp-json\/wp\/v2\/product"}],"about":[{"href":"https:\/\/phuhaocraft.com\/vi\/wp-json\/wp\/v2\/types\/product"}],"replies":[{"embeddable":true,"href":"https:\/\/phuhaocraft.com\/vi\/wp-json\/wp\/v2\/comments?post=4400"}],"wp:featuredmedia":[{"embeddable":true,"href":"https:\/\/phuhaocraft.com\/vi\/wp-json\/wp\/v2\/media\/4401"}],"wp:attachment":[{"href":"https:\/\/phuhaocraft.com\/vi\/wp-json\/wp\/v2\/media?parent=4400"}],"wp:term":[{"taxonomy":"product_cat","embeddable":true,"href":"https:\/\/phuhaocraft.com\/vi\/wp-json\/wp\/v2\/product_cat?post=4400"},{"taxonomy":"product_tag","embeddable":true,"href":"https:\/\/phuhaocraft.com\/vi\/wp-json\/wp\/v2\/product_tag?post=4400"}],"curies":[{"name":"wp","href":"https:\/\/api.w.org\/{rel}","templated":true}]}}